{"id":3786,"date":"2021-09-28T08:54:25","date_gmt":"2021-09-28T06:54:25","guid":{"rendered":"https:\/\/add-chem.com\/protezione-dati"},"modified":"2021-09-28T08:54:28","modified_gmt":"2021-09-28T06:54:28","slug":"protezione-dati","status":"publish","type":"page","link":"https:\/\/add-chem.com\/it\/protezione-dati","title":{"rendered":"Protezione dati"},"content":{"rendered":"\n<p>L&#8217;organismo responsabile ai sensi delle leggi sulla protezione dei dati, in particolare il Regolamento generale sulla protezione dei dati dell&#8217;UE (GDPR), \u00e8:<\/p>\n<p>ADD-Chem Germany GmbH <br\/>Langenselbolder Strasse 8 <br\/>63543 Neuberg <br\/>E-mail: info@add-chem.de <br\/>Amministratore delegato: J\u00fcrgen Andreas Hartmann <br\/>Link all&#8217;impronta: https:\/\/add-chem.de\/impressum<\/p>\n<h2>I tuoi diritti come soggetto dei dati<\/h2>\n<p>Puoi esercitare i seguenti diritti in qualsiasi momento utilizzando i dati di contatto del nostro responsabile della protezione dei dati:<\/p>\n<ul>\n<li>Informazioni sui tuoi dati da noi conservati e sul loro trattamento (art. 15 GDPR),<\/li>\n<li>Rettifica di dati personali errati (Art. 16 GDPR),<\/li>\n<li>Cancellazione dei tuoi dati da noi conservati (art. 17 GDPR),<\/li>\n<li>Limitazione del trattamento dei dati se non siamo ancora autorizzati a cancellare i tuoi dati a causa di obblighi legali (Art. 18 GDPR),<\/li>\n<li>Opposizione al trattamento dei tuoi dati da parte nostra (art. 21 GDPR) e<\/li>\n<li>Portabilit\u00e0 dei dati, a condizione che tu abbia acconsentito al trattamento dei dati o abbia concluso un contratto con noi (art. 20 GDPR).<\/li>\n<\/ul>\n<p>Se ci hai fornito il tuo consenso, puoi revocarlo in qualsiasi momento con effetto per il futuro.<\/p>\n<p>\u00c8 possibile contattare in qualsiasi momento un&#8217;autorit\u00e0 di controllo con un reclamo, ad es. B. all&#8217;autorit\u00e0 di vigilanza responsabile dello stato federale del luogo di residenza o all&#8217;autorit\u00e0 responsabile per noi come organismo responsabile.<\/p>\n<p>Un elenco delle autorit\u00e0 di controllo (per l&#8217;area non pubblica) con indirizzi \u00e8 disponibile all&#8217;indirizzo:<a href=\"https:\/\/www.bfdi.bund.de\/DE\/Infothek\/Anschriften_Links\/anschriften_links-node.html\" target=\"_blank\" rel=\"nofollow noopener\"> https:\/\/www.bfdi.bund.de\/DE\/Infothek\/Anschriften_Links\/anschriften_links-node.html<\/a> .<\/p>\n<p> <\/p>\n<h2>Raccolta di informazioni generali quando visiti il nostro sito web<\/h2>\n<h3>Tipologia e finalit\u00e0 del trattamento:<\/h3>\n<p>Quando accedi al nostro sito web, cio\u00e8 se non ti registri o non fornisci in altro modo informazioni, vengono automaticamente registrate informazioni di carattere generale. Queste informazioni (file di registro del server) includono, ad esempio, il tipo di browser Web, il sistema operativo utilizzato, il nome di dominio del provider di servizi Internet, l&#8217;indirizzo IP e simili.<\/p>\n<p>In particolare, sono trattati per le seguenti finalit\u00e0:<\/p>\n<ul>\n<li>Garantire una connessione senza problemi al sito web,<\/li>\n<li>Garantire un uso regolare del nostro sito Web,<\/li>\n<li>Valutazione della sicurezza e stabilit\u00e0 del sistema, nonch\u00e9<\/li>\n<li>per ulteriori finalit\u00e0 amministrative.<\/li>\n<\/ul>\n<p>Non utilizziamo i tuoi dati per trarre conclusioni su di te personalmente. Informazioni di questo tipo possono essere utilizzate da noi. valutati statisticamente al fine di ottimizzare il nostro sito web e la tecnologia dietro di esso.<\/p>\n<h3>Basi legali:<\/h3>\n<p>Il trattamento avviene ai sensi dell&#8217;articolo 6 par. 1 lit. f GDPR in base al nostro legittimo interesse a migliorare la stabilit\u00e0 e la funzionalit\u00e0 del nostro sito web.<\/p>\n<h3>Destinatario:<\/h3>\n<p>I destinatari dei dati possono essere fornitori di servizi tecnici che agiscono in qualit\u00e0 di responsabili del trattamento per il funzionamento e la manutenzione del nostro sito web.<\/p>\n<h3>Periodo di conservazione:<\/h3>\n<p>I dati verranno cancellati non appena non saranno pi\u00f9 necessari ai fini del sondaggio. Per i dati utilizzati per la messa a disposizione del sito web, questo \u00e8 generalmente il caso al termine della rispettiva sessione.<\/p>\n<h3>Fornitura richiesta o richiesta:<\/h3>\n<p>Il conferimento dei suddetti dati personali non \u00e8 obbligatorio n\u00e9 per legge n\u00e9 per contratto. Senza l&#8217;indirizzo IP, tuttavia, il servizio e la funzionalit\u00e0 del nostro sito Web non possono essere garantiti. Inoltre, i singoli servizi potrebbero non essere disponibili o limitati. Per questo nessuna contraddizione \u00e8 possibile.<\/p>\n<p> <\/p>\n<h2>Biscotti<\/h2>\n<h3>Tipologia e finalit\u00e0 del trattamento:<\/h3>\n<p>Come molti altri siti web, utilizziamo anche i cosiddetti &#8220;cookie&#8221;. I cookie sono piccoli file di testo che vengono memorizzati sul tuo dispositivo (laptop, tablet, smartphone, ecc.) quando visiti il nostro sito web.<\/p>\n<p>Questo ci d\u00e0 alcuni dati come B. Indirizzo IP, browser utilizzato e sistema operativo.<\/p>\n<p>I cookie non possono essere utilizzati per avviare programmi o trasferire virus su un computer. Sulla base delle informazioni contenute nei cookie, possiamo facilitarti la navigazione e consentire la corretta visualizzazione del nostro sito web.<\/p>\n<p>In nessun caso i dati da noi raccolti saranno ceduti a terzi o collegati a dati personali senza il tuo consenso.<\/p>\n<p>Naturalmente, puoi sempre visualizzare il nostro sito Web senza cookie. I browser Internet sono regolarmente impostati per accettare i cookie. In generale, puoi disattivare l&#8217;uso dei cookie in qualsiasi momento tramite le impostazioni del tuo browser. Si prega di utilizzare le funzioni di aiuto del proprio browser Internet per scoprire come modificare queste impostazioni. Si prega di notare che singole funzioni del nostro sito Web potrebbero non funzionare se \u00e8 stato disattivato l&#8217;uso dei cookie.<\/p>\n<h3>Durata della conservazione e cookie utilizzati:<\/h3>\n<p>Se ci autorizzi a utilizzare i cookie tramite le impostazioni del browser o il consenso, i seguenti cookie possono essere utilizzati sul nostro sito Web:<\/p>\n<p> <\/p>\n<p>Per quanto questi cookie possano (anche) riguardare dati personali, ti informeremo nelle sezioni seguenti.<\/p>\n<p>\u00c8 possibile eliminare singoli cookie o l&#8217;intero set di cookie tramite le impostazioni del browser. Riceverai inoltre informazioni e istruzioni su come eliminare questi cookie o su come bloccarne preventivamente la memorizzazione. A seconda del provider del tuo browser, puoi trovare le informazioni necessarie ai seguenti link:<\/p>\n<ul>\n<li>Mozilla Firefox:<a href=\"https:\/\/support.mozilla.org\/de\/kb\/cookies-loeschen-daten-von-websites-entfernen\" target=\"_blank\" rel=\"nofollow noopener\"> https:\/\/support.mozilla.org\/de\/kb\/cookies-loeschen-daten-von-websites-entfernen<\/a><\/li>\n<li>Internet Explorer:<a href=\"https:\/\/support.microsoft.com\/de-de\/help\/17442\/windows-internet-explorer-delete-manage-cookies\" target=\"_blank\" rel=\"nofollow noopener\"> https:\/\/support.microsoft.com\/de-de\/help\/17442\/windows-internet-explorer-delete-manage-cookies<\/a><\/li>\n<li>Google Chrome:<a href=\"https:\/\/support.google.com\/accounts\/answer\/61416?hl=de\" target=\"_blank\" rel=\"nofollow noopener\"> https:\/\/support.google.com\/accounts\/answer\/61416?hl=de<\/a><\/li>\n<li>Musica lirica:<a href=\"http:\/\/www.opera.com\/de\/help\" target=\"_blank\" rel=\"nofollow noopener\"> http:\/\/www.opera.com\/de\/help<\/a><\/li>\n<li>Safari:<a href=\"https:\/\/support.apple.com\/kb\/PH17191?locale=de_DE&#038;viewlocale=de_DE\" target=\"_blank\" rel=\"nofollow noopener\"> https:\/\/support.apple.com\/kb\/PH17191?locale=de_DE&#038;viewlocale=de_DE<\/a><\/li>\n<\/ul>\n<p> <\/p>\n<h2>Registrazione sul nostro sito web<\/h2>\n<h3>Tipologia e finalit\u00e0 del trattamento:<\/h3>\n<p>Al momento della registrazione per l&#8217;utilizzo dei nostri servizi personalizzati, vengono raccolti alcuni dati personali, come nome, indirizzo, dati di contatto e di comunicazione (ad es. numero di telefono e indirizzo e-mail). Se sei registrato con noi, puoi accedere a contenuti e servizi che offriamo solo agli utenti registrati. Gli utenti registrati hanno anche la possibilit\u00e0 di modificare o cancellare i dati forniti durante la registrazione in qualsiasi momento, se necessario. Naturalmente, ti forniremo anche informazioni sui dati personali che abbiamo archiviato su di te in qualsiasi momento.<\/p>\n<h3>Basi legali:<\/h3>\n<p>Il trattamento dei dati inseriti durante la registrazione si basa sul consenso dell&#8217;utente (art. 6 par. 1 lett. a GDPR).<\/p>\n<p>Se la registrazione serve per adempiere a un contratto di cui l&#8217;interessato \u00e8 parte o per eseguire misure precontrattuali, l&#8217;ulteriore base giuridica per il trattamento dei dati \u00e8 l&#8217;articolo 6 par. 1 lit. b GDPR.<\/p>\n<h3>Destinatario:<\/h3>\n<p>I destinatari dei dati possono essere fornitori di servizi tecnici che agiscono in qualit\u00e0 di responsabili del trattamento per il funzionamento e la manutenzione del nostro sito web.<\/p>\n<h3>Periodo di conservazione:<\/h3>\n<p>In questo contesto, i dati verranno elaborati solo finch\u00e9 sar\u00e0 disponibile il relativo consenso. Saranno quindi cancellati, a condizione che non sussistano requisiti di conservazione previsti dalla legge. Per contattarci in questo contesto, si prega di utilizzare i dettagli di contatto forniti alla fine di questa dichiarazione sulla protezione dei dati.<\/p>\n<h3>Fornitura richiesta o richiesta:<\/h3>\n<p>Il conferimento dei tuoi dati personali \u00e8 volontario, basato esclusivamente sul tuo consenso. Senza il conferimento dei tuoi dati personali, non possiamo concederti l&#8217;accesso ai contenuti e ai servizi che offriamo.<\/p>\n<p> <\/p>\n<h2>Modulo di Contatto<\/h2>\n<h3>Tipologia e finalit\u00e0 del trattamento:<\/h3>\n<p>I dati che inserisci verranno archiviati allo scopo di comunicare individualmente con te. Per questo sono necessari un indirizzo email valido e il tuo nome. Questo viene utilizzato per assegnare la richiesta e quindi rispondere. Il conferimento di ulteriori dati \u00e8 facoltativo.<\/p>\n<h3>Basi legali:<\/h3>\n<p>Il trattamento dei dati inseriti nel modulo di contatto avviene sulla base di un legittimo interesse (art. 6 par. 1 lett. f GDPR).<\/p>\n<p>Fornendo il modulo di contatto, vorremmo rendere pi\u00f9 facile per te contattarci. Le informazioni fornite verranno archiviate allo scopo di elaborare la richiesta e per eventuali domande di follow-up.<\/p>\n<p>Se ci contatti per chiedere informazioni su un&#8217;offerta, i dati inseriti nel modulo di contatto saranno trattati per eseguire misure precontrattuali (art. 6 par. 1 lett. b GDPR).<\/p>\n<h3>Destinatario:<\/h3>\n<p>I destinatari dei dati possono essere responsabili del trattamento a contratto.<\/p>\n<h3>Periodo di conservazione:<\/h3>\n<p>I dati verranno cancellati entro e non oltre 6 mesi dall&#8217;elaborazione della richiesta.<\/p>\n<p>Se esiste un rapporto contrattuale, siamo soggetti ai periodi di conservazione previsti dalla legge secondo HGB e cancelliamo i tuoi dati dopo che questi periodi sono scaduti.<\/p>\n<h3>Fornitura richiesta o richiesta:<\/h3>\n<p>Il conferimento dei tuoi dati personali \u00e8 volontario. Tuttavia, possiamo elaborare la tua richiesta solo se ci fornisci il tuo nome, indirizzo e-mail e il motivo della richiesta.<\/p>\n<p> <\/p>\n<h2>Utilizzo di Google Analytics<\/h2>\n<h3>Tipologia e finalit\u00e0 del trattamento:<\/h3>\n<p>Questo sito web utilizza Google Analytics, un servizio di analisi web fornito da Google LLC, 1600 Amphitheatre Parkway, Mountain View, CA 94043 USA (di seguito: &#8220;Google&#8221;). Google Analytics utilizza i cosiddetti &#8220;cookie&#8221;, file di testo che vengono memorizzati sul tuo computer e che consentono di analizzare il tuo utilizzo del sito web. Le informazioni generate dal cookie sull&#8217;utilizzo di questo sito Web vengono generalmente trasferite a un server di Google negli Stati Uniti e l\u00ec memorizzate. Tuttavia, a causa dell&#8217;attivazione dell&#8217;anonimizzazione IP su questo sito Web, il tuo indirizzo IP verr\u00e0 preventivamente abbreviato da Google all&#8217;interno degli Stati membri dell&#8217;Unione Europea o in altri Stati contraenti dell&#8217;Accordo sullo Spazio economico europeo. Solo in casi eccezionali l&#8217;indirizzo IP completo verr\u00e0 inviato a un server di Google negli Stati Uniti e l\u00ec abbreviato. Per conto dell&#8217;operatore di questo sito Web, Google utilizzer\u00e0 queste informazioni per valutare l&#8217;utilizzo del sito Web, compilare report sull&#8217;attivit\u00e0 del sito Web e fornire all&#8217;operatore del sito Web altri servizi relativi all&#8217;attivit\u00e0 del sito Web e all&#8217;utilizzo di Internet. L&#8217;indirizzo IP trasmesso dal tuo browser nell&#8217;ambito di Google Analytics non verr\u00e0 unito ad altri dati di Google.<\/p>\n<p>Le finalit\u00e0 del trattamento dei dati sono valutare l&#8217;utilizzo del sito web e compilare report sulle attivit\u00e0 del sito web. Sulla base dell&#8217;utilizzo del sito web e di Internet, devono essere forniti altri servizi correlati.<\/p>\n<h3>Basi legali:<\/h3>\n<p>Il trattamento dei dati avviene sulla base del consenso dell&#8217;utente (art. 6 par. 1 lett. a GDPR).<\/p>\n<h3>Destinatario:<\/h3>\n<p>Il destinatario dei dati \u00e8 Google in qualit\u00e0 di responsabile del trattamento. A tal fine abbiamo stipulato con Google il relativo contratto di elaborazione degli ordini.<\/p>\n<h3>Periodo di conservazione:<\/h3>\n<p>I dati vengono cancellati non appena non sono pi\u00f9 necessari per i nostri scopi di registrazione.<\/p>\n<h3>Trasferimento in un paese terzo:<\/h3>\n<p>Google elabora i tuoi dati negli Stati Uniti e ha aderito allo scudo per la privacy EU_US<a href=\"https:\/\/www.privacyshield.gov\/EU-US-Framework\" target=\"_blank\" rel=\"noopener\"> https:\/\/www.privacyshield.gov\/EU-US-Framework<\/a> .<\/p>\n<h3>Fornitura richiesta o richiesta:<\/h3>\n<p>Il conferimento dei tuoi dati personali \u00e8 volontario, basato esclusivamente sul tuo consenso. Se si impedisce l&#8217;accesso, ci\u00f2 pu\u00f2 comportare limitazioni funzionali del sito web.<\/p>\n<h3>Revoca del consenso:<\/h3>\n<p>\u00c8 possibile impedire la memorizzazione dei cookie impostando di conseguenza il software del browser; tuttavia, vorremmo sottolineare che in questo caso potresti non essere in grado di utilizzare tutte le funzioni di questo sito Web nella loro misura massima. Puoi anche impedire a Google di raccogliere i dati generati dal cookie e relativi al tuo utilizzo del sito web (compreso il tuo indirizzo IP) e di elaborare questi dati da parte di Google scaricando il plug-in del browser disponibile al seguente link e installa: <a href=\"http:\/\/tools.google.com\/dlpage\/gaoptout?hl=de\" target=\"_blank\" rel=\"noopener\">Componente aggiuntivo del browser per disattivare Google Analytics<\/a> .<\/p>\n<p>In aggiunta o in alternativa al componente aggiuntivo del browser, puoi impedire il tracciamento di Google Analytics sulle nostre pagine facendo clic su<a title=\"Imposta il cookie di disattivazione di Google Analytics\" href=\"#\"> clicca questo link<\/a> . Un cookie di opt-out verr\u00e0 installato sul tuo dispositivo. Ci\u00f2 impedir\u00e0 a Google Analytics di raccogliere dati per questo sito Web e per questo browser in futuro finch\u00e9 il cookie rimane installato nel tuo browser.<\/p>\n<h3>Profilazione:<\/h3>\n<p>Con l&#8217;aiuto dello strumento di monitoraggio Google Analytics, \u00e8 possibile valutare il comportamento dei visitatori del sito Web e analizzare gli interessi. Per fare ci\u00f2, creiamo un profilo utente pseudonimo.<\/p>\n<p> <\/p>\n<h2>Utilizzo di Google Maps<\/h2>\n<h3>Tipologia e finalit\u00e0 del trattamento:<\/h3>\n<p>Usiamo Google Maps su questo sito web. Google Maps \u00e8 gestito da Google LLC, 1600 Amphitheatre Parkway, Mountain View, CA 94043, USA (di seguito &#8220;Google&#8221;). Questo ci consente di mostrarti mappe interattive direttamente sul sito web e ti consente di utilizzare comodamente la funzione mappa.<\/p>\n<p>Puoi trovare maggiori informazioni sul trattamento dei dati da parte di Google<a href=\"http:\/\/www.google.com\/privacypolicy.html\" target=\"_blank\" rel=\"noopener\"> le informazioni sulla protezione dei dati di Google<\/a> rimuovere. L\u00ec puoi anche modificare le tue impostazioni di protezione dei dati personali nel centro di protezione dei dati.<\/p>\n<p>Istruzioni dettagliate su come gestire i propri dati in relazione ai prodotti Google<a href=\"http:\/\/www.dataliberation.org\/\" target=\"_blank\" rel=\"noopener\"> Troverai qui<\/a> .<\/p>\n<h3>Basi legali:<\/h3>\n<p>La base giuridica per l&#8217;integrazione di Google Maps e il relativo trasferimento dei dati a Google \u00e8 il tuo consenso (art. 6 par. 1 lett. a GDPR).<\/p>\n<h3>Destinatario:<\/h3>\n<p>Quando visiti il sito web, Google riceve l&#8217;informazione che hai effettuato l&#8217;accesso alla corrispondente sottopagina del nostro sito web. Ci\u00f2 accade indipendentemente dal fatto che Google fornisca un account utente a cui hai effettuato l&#8217;accesso o se non esiste un account utente. Se hai effettuato l&#8217;accesso a Google, i tuoi dati verranno assegnati direttamente al tuo account.<\/p>\n<p>Se non desideri il compito nel tuo profilo Google, devi uscire da Google prima di attivare il pulsante. Google salva i tuoi dati come profilo di utilizzo e li utilizza per pubblicit\u00e0, ricerche di mercato e\/o progettazione del proprio sito web in base alle esigenze. Tale valutazione avviene in particolare (anche per gli utenti che non hanno effettuato l&#8217;accesso) per fornire pubblicit\u00e0 basata sulle esigenze e per informare altri utenti del social network sulle tue attivit\u00e0 sul nostro sito web. Hai il diritto di opporti alla creazione di questi profili utente, anche se devi contattare Google per esercitare questo diritto.<\/p>\n<h3>Periodo di conservazione:<\/h3>\n<p>Non raccogliamo dati personali attraverso l&#8217;integrazione di Google Maps.<\/p>\n<h3>Trasferimento in un paese terzo:<\/h3>\n<p>Google elabora i tuoi dati negli Stati Uniti e ha aderito allo scudo per la privacy EU_US<a href=\"https:\/\/www.privacyshield.gov\/EU-US-Framework\" target=\"_blank\" rel=\"noopener\"> https:\/\/www.privacyshield.gov\/EU-US-Framework<\/a> .<\/p>\n<h3>Revoca del consenso:<\/h3>\n<p>Se non desideri che Google raccolga, elabori o utilizzi dati su di te tramite il nostro sito web, puoi disattivare JavaScript nelle impostazioni del browser. In questo caso, tuttavia, non puoi utilizzare il nostro sito Web o puoi utilizzarlo solo in misura limitata.<\/p>\n<h3>Fornitura richiesta o richiesta:<\/h3>\n<p>Il conferimento dei tuoi dati personali \u00e8 volontario, basato esclusivamente sul tuo consenso. Se si impedisce l&#8217;accesso, ci\u00f2 pu\u00f2 comportare limitazioni funzionali del sito web.<\/p>\n<p> <\/p>\n<h2>Video di YouTube incorporati<\/h2>\n<h3>Tipologia e finalit\u00e0 del trattamento:<\/h3>\n<p>Incorporiamo video di YouTube su alcuni dei nostri siti web. Il gestore dei relativi plugin \u00e8 YouTube, LLC, 901 Cherry Ave., San Bruno, CA 94066, USA (di seguito &#8220;YouTube&#8221;). Quando visiti una pagina con il plug-in di YouTube, viene stabilita una connessione ai server di YouTube. Questo dice a YouTube quali pagine stai visitando. Se hai effettuato l&#8217;accesso al tuo account YouTube, YouTube pu\u00f2 assegnarti personalmente il tuo comportamento di navigazione. Puoi impedirlo effettuando il logout dal tuo account YouTube in anticipo.<\/p>\n<p>Se viene avviato un video di YouTube, il provider utilizza i cookie che raccolgono informazioni sul comportamento dell&#8217;utente.<\/p>\n<p>Ulteriori informazioni sullo scopo e l&#8217;ambito della raccolta dei dati e del loro trattamento da parte di YouTube sono disponibili nella dichiarazione sulla protezione dei dati del fornitore, dove troverai anche ulteriori informazioni sui tuoi diritti al riguardo e sulle opzioni di impostazione per proteggere la tua privacy (<a href=\"https:\/\/policies.google.com\/privacy\" target=\"_blank\" rel=\"noopener\"> https:\/\/policies.google.com\/privacy<\/a> ). Google elabora i tuoi dati negli Stati Uniti e ha aderito allo scudo UE-USA per la privacy https:\/\/www.privacyshield.gov\/EU-US-Framework<\/p>\n<h3>Basi legali:<\/h3>\n<p>La base giuridica per l&#8217;integrazione di YouTube e il relativo trasferimento dei dati a Google \u00e8 il tuo consenso (art. 6 par. 1 lett. a GDPR).<\/p>\n<h3>Destinatario:<\/h3>\n<p>Richiamando YouTube si attiva automaticamente una connessione a Google.<\/p>\n<h3>Periodo di conservazione e revoca del consenso:<\/h3>\n<p>Se hai disattivato la memorizzazione dei cookie per il programma Google Ad, non dovrai fare i conti con tali cookie quando guardi i video di YouTube. Tuttavia, YouTube memorizza anche informazioni di utilizzo non personali in altri cookie. Se vuoi impedirlo, devi bloccare la memorizzazione dei cookie nel tuo browser.<\/p>\n<p>Ulteriori informazioni sulla protezione dei dati su &#8220;YouTube&#8221; sono disponibili nella dichiarazione sulla protezione dei dati del fornitore all&#8217;indirizzo:<a href=\"https:\/\/www.google.de\/intl\/de\/policies\/privacy\/\" target=\"_blank\" rel=\"noopener\"> https:\/\/www.google.de\/intl\/de\/policies\/privacy\/<\/a> <\/p>\n<h3>Trasferimento in un paese terzo:<\/h3>\n<p>Google elabora i tuoi dati negli Stati Uniti e ha aderito allo scudo per la privacy EU_US<a href=\"https:\/\/www.privacyshield.gov\/EU-US-Framework\" target=\"_blank\" rel=\"noopener\"> https:\/\/www.privacyshield.gov\/EU-US-Framework<\/a> .<\/p>\n<h3>Fornitura richiesta o richiesta:<\/h3>\n<p>Il conferimento dei tuoi dati personali \u00e8 volontario, basato esclusivamente sul tuo consenso. Se si impedisce l&#8217;accesso, ci\u00f2 pu\u00f2 comportare limitazioni funzionali del sito web.<\/p>\n<p> <\/p>\n<h2>Crittografia SSL<\/h2>\n<p>Per proteggere la sicurezza dei tuoi dati durante la trasmissione, utilizziamo metodi di crittografia all&#8217;avanguardia (ad es. SSL) su HTTPS.<\/p>\n<p> <\/p>\n<h2>Processori a contratto usati<\/h2>\n<p>Le seguenti organizzazioni, societ\u00e0 o persone sono state incaricate dal gestore di questo sito Web di elaborare i dati:<\/p>\n<p>Strato<\/p>\n<p> <\/p>\n<h2>Modifica delle nostre norme sulla protezione dei dati<\/h2>\n<p>Ci riserviamo il diritto di adattare questa dichiarazione sulla protezione dei dati in modo che sia sempre conforme ai requisiti legali attuali o di apportare modifiche ai nostri servizi nella dichiarazione sulla protezione dei dati, ad esempio quando si introdurranno nuovi servizi. La nuova dichiarazione sulla protezione dei dati si applicher\u00e0 quindi alla tua prossima visita.<\/p>\n<h2>Domande al responsabile della protezione dei dati<\/h2>\n<p>In caso di domande sulla protezione dei dati, inviaci un&#8217;e-mail o contatta direttamente la persona responsabile della protezione dei dati nella nostra organizzazione:<\/p>\n<p>E-mail: info@add-chem.de<\/p>\n<p><em>La dichiarazione sulla protezione dei dati \u00e8 stata resa con il<\/em><em><a href=\"https:\/\/www.activemind.de\/datenschutz\/datenschutzhinweis-generator\/\" target=\"_blank\" rel=\"noopener\"> Generatore di dichiarazione sulla protezione dei dati creato da activeMind AG<\/a> (Versione 2018-09-24).<\/em><\/p>\n\n<p>\u00a0<\/p>\n","protected":false},"excerpt":{"rendered":"<p>L&#8217;organismo responsabile ai sensi delle leggi sulla protezione dei dati, in particolare il Regolamento generale sulla protezione dei dati dell&#8217;UE (GDPR), \u00e8: ADD-Chem Germany GmbH Langenselbolder Strasse 8 63543 Neuberg E-mail: info@add-chem.de Amministratore delegato: J\u00fcrgen Andreas Hartmann Link all&#8217;impronta: https:\/\/add-chem.de\/impressum I tuoi diritti come soggetto dei dati Puoi esercitare i seguenti diritti in qualsiasi momento [&hellip;]<\/p>\n","protected":false},"author":1,"featured_media":0,"parent":0,"menu_order":0,"comment_status":"closed","ping_status":"closed","template":"","meta":{"site-sidebar-layout":"default","site-content-layout":"default","ast-site-content-layout":"default","site-content-style":"default","site-sidebar-style":"default","ast-global-header-display":"","ast-banner-title-visibility":"","ast-main-header-display":"","ast-hfb-above-header-display":"","ast-hfb-below-header-display":"","ast-hfb-mobile-header-display":"","site-post-title":"","ast-breadcrumbs-content":"","ast-featured-img":"","footer-sml-layout":"","ast-disable-related-posts":"","theme-transparent-header-meta":"default","adv-header-id-meta":"","stick-header-meta":"","header-above-stick-meta":"","header-main-stick-meta":"","header-below-stick-meta":"","astra-migrate-meta-layouts":"default","ast-page-background-enabled":"default","ast-page-background-meta":{"desktop":{"background-color":"var(--ast-global-color-4)","background-image":"","background-repeat":"repeat","background-position":"center center","background-size":"auto","background-attachment":"scroll","background-type":"","background-media":"","overlay-type":"","overlay-color":"","overlay-opacity":"","overlay-gradient":""},"tablet":{"background-color":"","background-image":"","background-repeat":"repeat","background-position":"center center","background-size":"auto","background-attachment":"scroll","background-type":"","background-media":"","overlay-type":"","overlay-color":"","overlay-opacity":"","overlay-gradient":""},"mobile":{"background-color":"","background-image":"","background-repeat":"repeat","background-position":"center center","background-size":"auto","background-attachment":"scroll","background-type":"","background-media":"","overlay-type":"","overlay-color":"","overlay-opacity":"","overlay-gradient":""}},"ast-content-background-meta":{"desktop":{"background-color":"var(--ast-global-color-5)","background-image":"","background-repeat":"repeat","background-position":"center center","background-size":"auto","background-attachment":"scroll","background-type":"","background-media":"","overlay-type":"","overlay-color":"","overlay-opacity":"","overlay-gradient":""},"tablet":{"background-color":"var(--ast-global-color-5)","background-image":"","background-repeat":"repeat","background-position":"center center","background-size":"auto","background-attachment":"scroll","background-type":"","background-media":"","overlay-type":"","overlay-color":"","overlay-opacity":"","overlay-gradient":""},"mobile":{"background-color":"var(--ast-global-color-5)","background-image":"","background-repeat":"repeat","background-position":"center center","background-size":"auto","background-attachment":"scroll","background-type":"","background-media":"","overlay-type":"","overlay-color":"","overlay-opacity":"","overlay-gradient":""}},"footnotes":""},"class_list":["post-3786","page","type-page","status-publish","hentry"],"_links":{"self":[{"href":"https:\/\/add-chem.com\/it\/wp-json\/wp\/v2\/pages\/3786","targetHints":{"allow":["GET"]}}],"collection":[{"href":"https:\/\/add-chem.com\/it\/wp-json\/wp\/v2\/pages"}],"about":[{"href":"https:\/\/add-chem.com\/it\/wp-json\/wp\/v2\/types\/page"}],"author":[{"embeddable":true,"href":"https:\/\/add-chem.com\/it\/wp-json\/wp\/v2\/users\/1"}],"replies":[{"embeddable":true,"href":"https:\/\/add-chem.com\/it\/wp-json\/wp\/v2\/comments?post=3786"}],"version-history":[{"count":0,"href":"https:\/\/add-chem.com\/it\/wp-json\/wp\/v2\/pages\/3786\/revisions"}],"wp:attachment":[{"href":"https:\/\/add-chem.com\/it\/wp-json\/wp\/v2\/media?parent=3786"}],"curies":[{"name":"wp","href":"https:\/\/api.w.org\/{rel}","templated":true}]}}